{"id":27,"date":"2022-12-29T12:36:28","date_gmt":"2022-12-29T12:36:28","guid":{"rendered":"https:\/\/hs-immobilien-erding.de\/?page_id=27"},"modified":"2022-12-29T12:36:28","modified_gmt":"2022-12-29T12:36:28","slug":"impressum-und-datenschutz","status":"publish","type":"page","link":"https:\/\/hs-immobilien-erding.de\/?page_id=27","title":{"rendered":"Impressum und Datenschutz"},"content":{"rendered":"\n<p>H&amp;S Immobilien Erding GmbH<\/p>\n\n\n\n<p>vertretungsberechtigter Gesch\u00e4ftsf\u00fchrer: Eric Hensel<\/p>\n\n\n\n<p>Josef-Herz-Strasse 24<\/p>\n\n\n\n<p>85435 Erding<\/p>\n\n\n\n<p>Eingetragen im Handelregister:  Amtsgericht M\u00fcnchen HRB 279789<\/p>\n\n\n\n<p>Haftungsausschluss\/Disclaimer<\/p>\n\n\n\n<p><br><strong>Haftung f\u00fcr Inhalte <\/strong><\/p>\n\n\n\n<p>Als Diensteanbieter sind wir gem\u00e4\u00df \u00a7 7 Abs.1 TMG f\u00fcr eigene Inhalte auf diesen Seiten verantwortlich. Nach \u00a7\u00a7 8 bis 10 TMG sind wir als Diensteanbieter jedoch nicht verpflichtet, \u00fcbermittelte oder gespeicherte fremde Informationen zu \u00fcberwachen oder nach Umst\u00e4nden zu forschen, die auf eine rechtswidrige T\u00e4tigkeit hinweisen. <\/p>\n\n\n\n<p><strong>Haftung f\u00fcr Links<\/strong><\/p>\n\n\n\n<p>Unser Angebot enth\u00e4lt Links zu externen Websites Dritter, auf deren Inhalte wir keinen Einfluss haben. Deshalb k\u00f6nnen wir f\u00fcr diese fremden Inhalte auch keine Gew\u00e4hr \u00fcbernehmen. F\u00fcr die Inhalte der verlinkten Seiten ist stets der jeweilige Anbieter oder Betreiber der Seiten verantwortlich. Die verlinkten Seiten wurden zum Zeitpunkt der Verlinkung auf m\u00f6gliche Rechtsverst\u00f6\u00dfe \u00fcberpr\u00fcft. Rechtswidrige Inhalte waren zum Zeitpunkt der Verlinkung nicht erkennbar.<\/p>\n\n\n\n<p><strong>Datenschutz <\/strong><\/p>\n\n\n\n<p>Die Nutzung unserer Webseite ist in der Regel ohne die Angabe personenbezogener Daten m\u00f6glich. Wir weisen darauf hin, dass die Daten\u00fcbertragung im Internet (z.B. bei der Kommunikation per E-Mail) Sicherheitsl\u00fccken aufweisen kann. Ein l\u00fcckenloser Schutz der Daten vor dem Zugriff durch Dritte ist nicht m\u00f6glich.<br>Der Nutzung von im Rahmen der Impressumspflicht ver\u00f6ffentlichten Kontaktdaten durch Dritte zur \u00dcbersendung von nicht ausdr\u00fccklich angeforderter Nachrichten wird hiermit ausdr\u00fccklich widersprochen. Die Betreiber der Seiten behalten sich ausdr\u00fccklich rechtliche Schritte im Falle der unverlangten Zusendung von Werbeinformationen, etwa durch Spam-Mails, vor.<\/p>\n","protected":false},"excerpt":{"rendered":"<p>H&amp;S Immobilien Erding GmbH vertretungsberechtigter Gesch\u00e4ftsf\u00fchrer: Eric Hensel Josef-Herz-Strasse 24 85435 Erding Eingetragen im Handelregister: Amtsgericht M\u00fcnchen HRB 279789 Haftungsausschluss\/Disclaimer Haftung f\u00fcr Inhalte Als Diensteanbieter sind wir gem\u00e4\u00df \u00a7 7 Abs.1 TMG f\u00fcr eigene Inhalte auf diesen Seiten verantwortlich. Nach \u00a7\u00a7 8 bis 10 TMG sind wir als Diensteanbieter jedoch nicht verpflichtet, \u00fcbermittelte oder gespeicherte &hellip; <\/p>\n<p class=\"link-more\"><a href=\"https:\/\/hs-immobilien-erding.de\/?page_id=27\" class=\"more-link\"><span class=\"screen-reader-text\">\u201eImpressum und Datenschutz\u201c<\/span> weiterlesen<\/a><\/p>\n","protected":false},"author":1,"featured_media":0,"parent":0,"menu_order":0,"comment_status":"closed","ping_status":"closed","template":"","meta":{"footnotes":""},"_links":{"self":[{"href":"https:\/\/hs-immobilien-erding.de\/index.php?rest_route=\/wp\/v2\/pages\/27"}],"collection":[{"href":"https:\/\/hs-immobilien-erding.de\/index.php?rest_route=\/wp\/v2\/pages"}],"about":[{"href":"https:\/\/hs-immobilien-erding.de\/index.php?rest_route=\/wp\/v2\/types\/page"}],"author":[{"embeddable":true,"href":"https:\/\/hs-immobilien-erding.de\/index.php?rest_route=\/wp\/v2\/users\/1"}],"replies":[{"embeddable":true,"href":"https:\/\/hs-immobilien-erding.de\/index.php?rest_route=%2Fwp%2Fv2%2Fcomments&post=27"}],"version-history":[{"count":1,"href":"https:\/\/hs-immobilien-erding.de\/index.php?rest_route=\/wp\/v2\/pages\/27\/revisions"}],"predecessor-version":[{"id":28,"href":"https:\/\/hs-immobilien-erding.de\/index.php?rest_route=\/wp\/v2\/pages\/27\/revisions\/28"}],"wp:attachment":[{"href":"https:\/\/hs-immobilien-erding.de\/index.php?rest_route=%2Fwp%2Fv2%2Fmedia&parent=27"}],"curies":[{"name":"wp","href":"https:\/\/api.w.org\/{rel}","templated":true}]}}