{"id":4,"date":"2022-12-29T11:11:01","date_gmt":"2022-12-29T11:11:01","guid":{"rendered":"https:\/\/hs-immobilien-erding.de\/?page_id=4"},"modified":"2022-12-29T14:23:52","modified_gmt":"2022-12-29T14:23:52","slug":"willkommen-auf-https-hs-immobilien-erding-de","status":"publish","type":"page","link":"https:\/\/hs-immobilien-erding.de\/","title":{"rendered":"Willkommen"},"content":{"rendered":"\n<p class=\"has-medium-font-size\">Unser Unternehmen kauft Immobilien &#8211; vorzugsweise &#8211; in und um Erding. Dabei spezialisieren wir uns auf renovierungs- und\/oder sanierungsbed\u00fcrftige Objekte in beliebigem Zustand. <\/p>\n\n\n\n<p class=\"has-medium-font-size\">In einem Zeitraum von drei bis sechs Monaten sanieren wir die Objekte mit Hilfe unseres professionellen Teams und legen besonderes Augenmerk auf die energetische Optimierung in den Bereichen Heizung, D\u00e4mmung und Fenster.<\/p>\n\n\n\n<p class=\"has-medium-font-size\">Wir bieten die sanierten Objekte unseren Kaufinteressenten zu einem fairen Preis zum Kauf an. Im Fokus stehen dabei Eigennutzer und langfristig orientierte Investoren die eine solide Kapitalanlage ohne \u00fcber den Kaufpreis hinaus gehende Investitionen suchen.<\/p>\n\n\n\n<p class=\"has-medium-font-size\">Durch eine solide Eigenkapitalbasis und intensive Bankkontakte unseres Unternehmens k\u00f6nnen wir eine schnelle Abwicklung beim Ankauf von Immobilien garantieren.<\/p>\n\n\n\n<p class=\"has-medium-font-size\"><a href=\"https:\/\/hs-immobilien-erding.de\/?page_id=44\" data-type=\"page\" data-id=\"44\">Hier finden Sie einige von vielen Objekten die wir breits saniert haben.<\/a><\/p>\n\n\n\n<p class=\"has-medium-font-size\">Wir sind keine Immobilienmakler! Deshalb profitieren Sie bei uns von folgenden Vorteilen:<\/p>\n\n\n\n<ul class=\"has-medium-font-size\">\n<li>Sie zahlen keine Maklerprovision und sparen so bis zu 7,14% auf den vereinbarten Kaufpreis.<\/li>\n\n\n\n<li>Sie haften nicht bei M\u00e4ngeln am Geb\u00e4ude, wir kaufen Ihr Haus\/Ihre Wohnung so wie es\/sie liegt und steht.<\/li>\n\n\n\n<li>Wir Entr\u00fcmpeln Ihre Immobilie &#8211; Sie m\u00fcssen sich um nichts k\u00fcmmern.<\/li>\n\n\n\n<li>Sie ziehen einfach aus und brauchen nicht renovieren.<\/li>\n\n\n\n<li>Ein Energieausweis zum Verkauf ist nicht notwendig,  sparen Sie bis zu 750 Euro f\u00fcr die Erstellung eines Energieausweises.<\/li>\n\n\n\n<li>Wir k\u00fcmmern uns um die notwendigen Unterlagen, den Notarvertrag und die gesamte Abwicklung des Kaufprozesses.<\/li>\n<\/ul>\n\n\n\n<figure class=\"wp-block-image size-large\"><a href=\"https:\/\/hs-immobilien-erding.de\/?page_id=33\"><img loading=\"lazy\" decoding=\"async\" width=\"1024\" height=\"585\" src=\"https:\/\/hs-immobilien-erding.de\/wp-content\/uploads\/2022\/12\/1-1024x585.jpg\" alt=\"\" class=\"wp-image-58\" srcset=\"https:\/\/hs-immobilien-erding.de\/wp-content\/uploads\/2022\/12\/1-1024x585.jpg 1024w, https:\/\/hs-immobilien-erding.de\/wp-content\/uploads\/2022\/12\/1-300x171.jpg 300w, https:\/\/hs-immobilien-erding.de\/wp-content\/uploads\/2022\/12\/1-768x439.jpg 768w, https:\/\/hs-immobilien-erding.de\/wp-content\/uploads\/2022\/12\/1.jpg 1050w\" sizes=\"(max-width: 767px) 89vw, (max-width: 1000px) 54vw, (max-width: 1071px) 543px, 580px\" \/><\/a><\/figure>\n","protected":false},"excerpt":{"rendered":"<p>Unser Unternehmen kauft Immobilien &#8211; vorzugsweise &#8211; in und um Erding. Dabei spezialisieren wir uns auf renovierungs- und\/oder sanierungsbed\u00fcrftige Objekte in beliebigem Zustand. In einem Zeitraum von drei bis sechs Monaten sanieren wir die Objekte mit Hilfe unseres professionellen Teams und legen besonderes Augenmerk auf die energetische Optimierung in den Bereichen Heizung, D\u00e4mmung und Fenster. &hellip; <\/p>\n<p class=\"link-more\"><a href=\"https:\/\/hs-immobilien-erding.de\/\" class=\"more-link\"><span class=\"screen-reader-text\">\u201eWillkommen\u201c<\/span> weiterlesen<\/a><\/p>\n","protected":false},"author":1,"featured_media":0,"parent":0,"menu_order":0,"comment_status":"closed","ping_status":"open","template":"","meta":{"footnotes":""},"_links":{"self":[{"href":"https:\/\/hs-immobilien-erding.de\/index.php?rest_route=\/wp\/v2\/pages\/4"}],"collection":[{"href":"https:\/\/hs-immobilien-erding.de\/index.php?rest_route=\/wp\/v2\/pages"}],"about":[{"href":"https:\/\/hs-immobilien-erding.de\/index.php?rest_route=\/wp\/v2\/types\/page"}],"author":[{"embeddable":true,"href":"https:\/\/hs-immobilien-erding.de\/index.php?rest_route=\/wp\/v2\/users\/1"}],"replies":[{"embeddable":true,"href":"https:\/\/hs-immobilien-erding.de\/index.php?rest_route=%2Fwp%2Fv2%2Fcomments&post=4"}],"version-history":[{"count":11,"href":"https:\/\/hs-immobilien-erding.de\/index.php?rest_route=\/wp\/v2\/pages\/4\/revisions"}],"predecessor-version":[{"id":62,"href":"https:\/\/hs-immobilien-erding.de\/index.php?rest_route=\/wp\/v2\/pages\/4\/revisions\/62"}],"wp:attachment":[{"href":"https:\/\/hs-immobilien-erding.de\/index.php?rest_route=%2Fwp%2Fv2%2Fmedia&parent=4"}],"curies":[{"name":"wp","href":"https:\/\/api.w.org\/{rel}","templated":true}]}}